{"id":1787,"date":"2023-04-25T07:34:06","date_gmt":"2023-04-25T07:34:06","guid":{"rendered":"https:\/\/demo.bravisthemes.com\/soluris\/?page_id=1787"},"modified":"2025-11-14T12:09:41","modified_gmt":"2025-11-14T12:09:41","slug":"kurumsal","status":"publish","type":"page","link":"https:\/\/www.winddriver.net\/en\/kurumsal\/","title":{"rendered":"Institutional"},"content":{"rendered":"<div data-elementor-type=\"wp-page\" data-elementor-id=\"1787\" class=\"elementor elementor-1787\">\n\t\t\t\t        <section class=\"elementor-section elementor-top-section elementor-element elementor-element-1a13676 elementor-section-stretched elementor-section-boxed elementor-section-height-default elementor-section-height-default pxl-type-header-none pxl-bg-color-none pxl-row-scroll-none\" data-id=\"1a13676\" data-element_type=\"section\" data-settings=\"{&quot;stretch_section&quot;:&quot;section-stretched&quot;}\">\n\n                \n                <div class=\"elementor-container elementor-column-gap-extended\">\n                <div class=\"elementor-column elementor-col-50 elementor-top-column elementor-element elementor-element-792d095 pxl_section_offset-none pxl-container-width-container-1200 pxl-col-none pxl-column-none\" data-id=\"792d095\" data-element_type=\"column\">\r\n        <div class=\"elementor-widget-wrap elementor-element-populated\">\r\n                     \r\n        \t\t<div class=\"elementor-element elementor-element-d79c516 elementor-widget elementor-widget-pxl_image_box\" data-id=\"d79c516\" data-element_type=\"widget\" data-widget_type=\"pxl_image_box.default\">\n\t\t\t\t<div class=\"elementor-widget-container\">\n\t\t\t\t\t<div class=\"pxl-image-box pxl-image-box3\" data-wow-delay=\"ms\">\r\n    <div class=\"pxl-item--inner\">\r\n                    <div class=\"pxl-item--image\">\r\n                <img decoding=\"async\" class=\"pxl-image-wrap\" src=\"https:\/\/www.winddriver.net\/wp-content\/uploads\/2025\/11\/ozbilgin_logo.png\" width=\"310\" height=\"67\" alt=\"ozbilgin_logo\" title=\"ozbilgin_logo\" \/>                                            <\/div>\r\n\r\n        \r\n<\/div>\r\n<\/div>\t\t\t\t<\/div>\n\t\t\t\t<\/div>\n\t\t\t\t<div class=\"elementor-element elementor-element-8ac7044 elementor-widget__width-auto elementor-absolute elementor-widget elementor-widget-image\" data-id=\"8ac7044\" data-element_type=\"widget\" data-settings=\"{&quot;_position&quot;:&quot;absolute&quot;}\" data-widget_type=\"image.default\">\n\t\t\t\t\t\t\t\t\t\t\t\t\t\t\t<img fetchpriority=\"high\" decoding=\"async\" width=\"278\" height=\"274\" src=\"https:\/\/www.winddriver.net\/wp-content\/uploads\/2023\/04\/layout1-left.png\" class=\"attachment-full size-full wp-image-1622\" alt=\"\" \/>\t\t\t\t\t\t\t\t\t\t\t\t\t\t\t<\/div>\n\t\t\t\t<div class=\"elementor-element elementor-element-13bca2c elementor-widget__width-auto elementor-absolute slide-bottom-to-top elementor-widget elementor-widget-image\" data-id=\"13bca2c\" data-element_type=\"widget\" data-settings=\"{&quot;_position&quot;:&quot;absolute&quot;}\" data-widget_type=\"image.default\">\n\t\t\t\t\t\t\t\t\t\t\t\t\t\t\t<img decoding=\"async\" width=\"75\" height=\"156\" src=\"https:\/\/www.winddriver.net\/wp-content\/uploads\/2023\/04\/dot.png\" class=\"attachment-full size-full wp-image-1611\" alt=\"\" \/>\t\t\t\t\t\t\t\t\t\t\t\t\t\t\t<\/div>\n\t\t            <\/div>\r\n        <\/div>\r\n                <div class=\"elementor-column elementor-col-50 elementor-top-column elementor-element elementor-element-919b48f pxl_section_offset-none pxl-container-width-container-1200 pxl-col-none pxl-column-none\" data-id=\"919b48f\" data-element_type=\"column\">\r\n        <div class=\"elementor-widget-wrap elementor-element-populated\">\r\n                     \r\n        \t\t<div class=\"elementor-element elementor-element-b121826 elementor-widget elementor-widget-pxl_heading\" data-id=\"b121826\" data-element_type=\"widget\" data-widget_type=\"pxl_heading.default\">\n\t\t\t\t<div class=\"elementor-widget-container\">\n\t\t\t\t\t<div class=\"pxl-heading inherit\">\n\t<div class=\"pxl-heading--inner\">\n\t\t\t\t\t<div class=\"pxl-item--subtitle default\" data-wow-delay=\"ms\">\n\t\t\t\t<div class=\"wrap-subtitle\">\n\t\t\t\t\t<span>ABOUT US<\/span>\n\t\t\t\t<\/div>\n\t\t\t<\/div>\n\t\t\t\t<h4 class=\"pxl-item--title  highlight-default\" data-wow-delay=\"ms\" >\n\t\tA New Era in Wind Energy: Local and Innovative Engineering\n\n\n\t\t\t\t\n\t\t<\/h4>\n\t<\/div>\n<\/div>\n\n\t\t\t\t<\/div>\n\t\t\t\t<\/div>\n\t\t\t\t<div class=\"elementor-element elementor-element-fb6011b elementor-widget elementor-widget-pxl_text_editor\" data-id=\"fb6011b\" data-element_type=\"widget\" data-widget_type=\"pxl_text_editor.default\">\n\t\t\t\t<div class=\"elementor-widget-container\">\n\t\t\t\t\t<div class=\"pxl-text-editor\">\n\t<div class=\"pxl-item--inner  ft-theme\" data-wow-delay=\"ms\">\n\t\t<p class=\"ds-markdown-paragraph\">As \u00d6zbilgin Energy Consulting and Engineering, we are leading T\u00fcrkiye&#039;s energy transformation. With our domestic engineering expertise and innovation-focused approach, we strive to provide efficient, economical, and aesthetically pleasing solutions in the field of wind energy. Our primary goal is to implement scalable, smart, and sustainable systems that enable users from all walks of life to generate their own energy.<\/p><p class=\"ds-markdown-paragraph\">Our belief in T\u00fcrkiye&#039;s energy independence and clean energy transition continually motivates us to develop more accessible, more efficient, and smarter solutions. Our vision is to create a decentralized, democratic, and green energy ecosystem by making wind energy available not only to large areas but also to urban areas, industrial zones, and even individual users.<\/p>\t<\/div>\n<\/div>\t\t\t\t<\/div>\n\t\t\t\t<\/div>\n\t\t\t\t<div class=\"elementor-element elementor-element-9261232 elementor-absolute elementor-widget elementor-widget-image\" data-id=\"9261232\" data-element_type=\"widget\" data-settings=\"{&quot;_position&quot;:&quot;absolute&quot;}\" data-widget_type=\"image.default\">\n\t\t\t\t\t\t\t\t\t\t\t\t\t\t\t<img loading=\"lazy\" decoding=\"async\" width=\"193\" height=\"187\" src=\"https:\/\/www.winddriver.net\/wp-content\/uploads\/2023\/04\/circle05-1.png\" class=\"attachment-full size-full wp-image-1800\" alt=\"\" \/>\t\t\t\t\t\t\t\t\t\t\t\t\t\t\t<\/div>\n\t\t            <\/div>\r\n        <\/div>\r\n        \t\t\t<\/div>\n\t\t<\/section>\n\t\t<div class=\"elementor-element elementor-element-ae8919a e-flex e-con-boxed e-con e-parent\" data-id=\"ae8919a\" data-element_type=\"container\" data-settings=\"{&quot;background_background&quot;:&quot;classic&quot;}\">\t\t\t<div class=\"e-con-inner\">\r\n\t\t\t\t<div class=\"elementor-element elementor-element-cb7d707 elementor-position-left elementor-view-default elementor-mobile-position-top elementor-widget elementor-widget-icon-box\" data-id=\"cb7d707\" data-element_type=\"widget\" data-widget_type=\"icon-box.default\">\n\t\t\t\t\t\t\t<div class=\"elementor-icon-box-wrapper\">\n\n\t\t\t\t\t\t<div class=\"elementor-icon-box-icon\">\n\t\t\t\t<span  class=\"elementor-icon\">\n\t\t\t\t<i aria-hidden=\"true\" class=\"far fa-check-circle\"><\/i>\t\t\t\t<\/span>\n\t\t\t<\/div>\n\t\t\t\n\t\t\t\t\t\t<div class=\"elementor-icon-box-content\">\n\n\t\t\t\t\t\t\t\t\t<h5 class=\"elementor-icon-box-title\">\n\t\t\t\t\t\t<span  >\n\t\t\t\t\t\t\tOur vision\t\t\t\t\t\t<\/span>\n\t\t\t\t\t<\/h5>\n\t\t\t\t\n\t\t\t\t\t\t\t\t\t<p class=\"elementor-icon-box-description\">\n\t\t\t\t\t\tWe believe that energy transformation is possible not only with large wind farms, but also with compact, intelligent, and highly efficient systems that can be integrated anywhere. To this end, we aim to bring wind energy to every corner of T\u00fcrkiye, leveraging our domestic technology and engineering expertise.\n\n\t\t\t\t\t<\/p>\n\t\t\t\t\n\t\t\t<\/div>\n\t\t\t\n\t\t<\/div>\n\t\t\t\t\t\t<\/div>\n\t\t\t\t<div class=\"elementor-element elementor-element-096e2ea elementor-widget-divider--view-line elementor-widget elementor-widget-divider\" data-id=\"096e2ea\" data-element_type=\"widget\" data-widget_type=\"divider.default\">\n\t\t\t\t\t\t\t<div class=\"elementor-divider\">\n\t\t\t<span class=\"elementor-divider-separator\">\n\t\t\t\t\t\t<\/span>\n\t\t<\/div>\n\t\t\t\t\t\t<\/div>\n\t\t\t\t<div class=\"elementor-element elementor-element-7541a67 elementor-widget elementor-widget-spacer\" data-id=\"7541a67\" data-element_type=\"widget\" data-widget_type=\"spacer.default\">\n\t\t\t\t\t\t\t<div class=\"elementor-spacer\">\n\t\t\t<div class=\"elementor-spacer-inner\"><\/div>\n\t\t<\/div>\n\t\t\t\t\t\t<\/div>\n\t\t\t\t<div class=\"elementor-element elementor-element-acb2d0c elementor-position-left elementor-view-default elementor-mobile-position-top elementor-widget elementor-widget-icon-box\" data-id=\"acb2d0c\" data-element_type=\"widget\" data-widget_type=\"icon-box.default\">\n\t\t\t\t\t\t\t<div class=\"elementor-icon-box-wrapper\">\n\n\t\t\t\t\t\t<div class=\"elementor-icon-box-icon\">\n\t\t\t\t<span  class=\"elementor-icon\">\n\t\t\t\t<i aria-hidden=\"true\" class=\"far fa-check-circle\"><\/i>\t\t\t\t<\/span>\n\t\t\t<\/div>\n\t\t\t\n\t\t\t\t\t\t<div class=\"elementor-icon-box-content\">\n\n\t\t\t\t\t\t\t\t\t<h5 class=\"elementor-icon-box-title\">\n\t\t\t\t\t\t<span  >\n\t\t\t\t\t\t\tOur Mission\t\t\t\t\t\t<\/span>\n\t\t\t\t\t<\/h5>\n\t\t\t\t\n\t\t\t\t\t\t\t\t\t<p class=\"elementor-icon-box-description\">\n\t\t\t\t\t\tWe provide our customers with high-performance, low-maintenance, and quiet-operating vertical-axis wind turbine systems that deliver exceptional performance, even in T\u00fcrkiye&#039;s challenging geographic and climatic conditions. All engineering, software, and manufacturing processes are managed in T\u00fcrkiye and implemented with local personnel, adhering to high-quality standards.\t\t\t\t\t<\/p>\n\t\t\t\t\n\t\t\t<\/div>\n\t\t\t\n\t\t<\/div>\n\t\t\t\t\t\t<\/div>\n\t\t\t\t<div class=\"elementor-element elementor-element-7be8644 elementor-widget-divider--view-line elementor-widget elementor-widget-divider\" data-id=\"7be8644\" data-element_type=\"widget\" data-widget_type=\"divider.default\">\n\t\t\t\t\t\t\t<div class=\"elementor-divider\">\n\t\t\t<span class=\"elementor-divider-separator\">\n\t\t\t\t\t\t<\/span>\n\t\t<\/div>\n\t\t\t\t\t\t<\/div>\n\t\t\t\t<div class=\"elementor-element elementor-element-c304eb9 elementor-widget elementor-widget-spacer\" data-id=\"c304eb9\" data-element_type=\"widget\" data-widget_type=\"spacer.default\">\n\t\t\t\t\t\t\t<div class=\"elementor-spacer\">\n\t\t\t<div class=\"elementor-spacer-inner\"><\/div>\n\t\t<\/div>\n\t\t\t\t\t\t<\/div>\n\t\t\t\t\t<\/div>\r\n\t\t\t\t<\/div>\r\n\t\t<div class=\"elementor-element elementor-element-aeae4ee e-flex e-con-boxed e-con e-parent\" data-id=\"aeae4ee\" data-element_type=\"container\">\t\t\t<div class=\"e-con-inner\">\r\n\t\t\t\t<div class=\"elementor-element elementor-element-fb7f666 elementor-widget elementor-widget-pxl_heading\" data-id=\"fb7f666\" data-element_type=\"widget\" data-widget_type=\"pxl_heading.default\">\n\t\t\t\t<div class=\"elementor-widget-container\">\n\t\t\t\t\t<div class=\"pxl-heading inherit\">\n\t<div class=\"pxl-heading--inner\">\n\t\t\t\t<h4 class=\"pxl-item--title  highlight-default\" data-wow-delay=\"ms\" >\n\t\tCertificates and Certificates of Conformity\n\n\n\t\t\t\t\n\t\t<\/h4>\n\t<\/div>\n<\/div>\n\n\t\t\t\t<\/div>\n\t\t\t\t<\/div>\n\t\t\t\t\t<\/div>\r\n\t\t\t\t<\/div>\r\n\t\t<div class=\"elementor-element elementor-element-06a50b8 e-flex e-con-boxed e-con e-parent\" data-id=\"06a50b8\" data-element_type=\"container\">\t\t\t<div class=\"e-con-inner\">\r\n\t\t<div class=\"elementor-element elementor-element-0eb4e32 e-con-full e-flex e-con e-child\" data-id=\"0eb4e32\" data-element_type=\"container\">\t\t<div class=\"elementor-element elementor-element-713395c elementor-widget elementor-widget-image\" data-id=\"713395c\" data-element_type=\"widget\" data-widget_type=\"image.default\">\n\t\t\t\t\t\t\t\t\t\t\t\t\t\t\t\t<a href=\"https:\/\/www.winddriver.net\/wp-content\/uploads\/2025\/11\/IMG_20251021_0001-1.png\" data-elementor-open-lightbox=\"yes\" data-elementor-lightbox-title=\"IMG_20251021_0001-1\" data-e-action-hash=\"#elementor-action%3Aaction%3Dlightbox%26settings%3DeyJpZCI6NTI4MiwidXJsIjoiaHR0cHM6XC9cL3d3dy53aW5kZHJpdmVyLm5ldFwvd3AtY29udGVudFwvdXBsb2Fkc1wvMjAyNVwvMTFcL0lNR18yMDI1MTAyMV8wMDAxLTEucG5nIn0%3D\">\n\t\t\t\t\t\t\t<img loading=\"lazy\" decoding=\"async\" width=\"724\" height=\"1024\" src=\"https:\/\/www.winddriver.net\/wp-content\/uploads\/2025\/11\/IMG_20251021_0001-1-724x1024.png\" class=\"attachment-large size-large wp-image-5282\" alt=\"\" srcset=\"https:\/\/www.winddriver.net\/wp-content\/uploads\/2025\/11\/IMG_20251021_0001-1-724x1024.png 724w, https:\/\/www.winddriver.net\/wp-content\/uploads\/2025\/11\/IMG_20251021_0001-1-212x300.png 212w, https:\/\/www.winddriver.net\/wp-content\/uploads\/2025\/11\/IMG_20251021_0001-1-768x1086.png 768w, https:\/\/www.winddriver.net\/wp-content\/uploads\/2025\/11\/IMG_20251021_0001-1-1086x1536.png 1086w, https:\/\/www.winddriver.net\/wp-content\/uploads\/2025\/11\/IMG_20251021_0001-1-1448x2048.png 1448w, https:\/\/www.winddriver.net\/wp-content\/uploads\/2025\/11\/IMG_20251021_0001-1-502x710.png 502w, https:\/\/www.winddriver.net\/wp-content\/uploads\/2025\/11\/IMG_20251021_0001-1.png 1653w\" sizes=\"(max-width: 724px) 100vw, 724px\" \/>\t\t\t\t\t\t\t\t<\/a>\n\t\t\t\t\t\t\t\t\t\t\t\t\t\t\t<\/div>\n\t\t\t\t<div class=\"elementor-element elementor-element-e19d867 elementor-widget elementor-widget-image\" data-id=\"e19d867\" data-element_type=\"widget\" data-widget_type=\"image.default\">\n\t\t\t\t\t\t\t\t\t\t\t\t\t\t\t\t<a href=\"https:\/\/www.winddriver.net\/wp-content\/uploads\/2025\/11\/IMG_20251021_0002-1.png\" data-elementor-open-lightbox=\"yes\" data-elementor-lightbox-title=\"IMG_20251021_0002-1\" data-e-action-hash=\"#elementor-action%3Aaction%3Dlightbox%26settings%3DeyJpZCI6NTI4MywidXJsIjoiaHR0cHM6XC9cL3d3dy53aW5kZHJpdmVyLm5ldFwvd3AtY29udGVudFwvdXBsb2Fkc1wvMjAyNVwvMTFcL0lNR18yMDI1MTAyMV8wMDAyLTEucG5nIn0%3D\">\n\t\t\t\t\t\t\t<img loading=\"lazy\" decoding=\"async\" width=\"1653\" height=\"2338\" src=\"https:\/\/www.winddriver.net\/wp-content\/uploads\/2025\/11\/IMG_20251021_0002-1.png\" class=\"attachment-full size-full wp-image-5283\" alt=\"\" srcset=\"https:\/\/www.winddriver.net\/wp-content\/uploads\/2025\/11\/IMG_20251021_0002-1.png 1653w, https:\/\/www.winddriver.net\/wp-content\/uploads\/2025\/11\/IMG_20251021_0002-1-212x300.png 212w, https:\/\/www.winddriver.net\/wp-content\/uploads\/2025\/11\/IMG_20251021_0002-1-724x1024.png 724w, https:\/\/www.winddriver.net\/wp-content\/uploads\/2025\/11\/IMG_20251021_0002-1-768x1086.png 768w, https:\/\/www.winddriver.net\/wp-content\/uploads\/2025\/11\/IMG_20251021_0002-1-1086x1536.png 1086w, https:\/\/www.winddriver.net\/wp-content\/uploads\/2025\/11\/IMG_20251021_0002-1-1448x2048.png 1448w, https:\/\/www.winddriver.net\/wp-content\/uploads\/2025\/11\/IMG_20251021_0002-1-502x710.png 502w\" sizes=\"(max-width: 1653px) 100vw, 1653px\" \/>\t\t\t\t\t\t\t\t<\/a>\n\t\t\t\t\t\t\t\t\t\t\t\t\t\t\t<\/div>\n\t\t\t\t<div class=\"elementor-element elementor-element-36de71d elementor-widget elementor-widget-image\" data-id=\"36de71d\" data-element_type=\"widget\" data-widget_type=\"image.default\">\n\t\t\t\t\t\t\t\t\t\t\t\t\t\t\t\t<a href=\"https:\/\/www.winddriver.net\/wp-content\/uploads\/2025\/11\/IMG_20251021_0003-1.png\" data-elementor-open-lightbox=\"yes\" data-elementor-lightbox-title=\"IMG_20251021_0003-1\" data-e-action-hash=\"#elementor-action%3Aaction%3Dlightbox%26settings%3DeyJpZCI6NTI4NCwidXJsIjoiaHR0cHM6XC9cL3d3dy53aW5kZHJpdmVyLm5ldFwvd3AtY29udGVudFwvdXBsb2Fkc1wvMjAyNVwvMTFcL0lNR18yMDI1MTAyMV8wMDAzLTEucG5nIn0%3D\">\n\t\t\t\t\t\t\t<img loading=\"lazy\" decoding=\"async\" width=\"1653\" height=\"2338\" src=\"https:\/\/www.winddriver.net\/wp-content\/uploads\/2025\/11\/IMG_20251021_0003-1.png\" class=\"attachment-full size-full wp-image-5284\" alt=\"\" srcset=\"https:\/\/www.winddriver.net\/wp-content\/uploads\/2025\/11\/IMG_20251021_0003-1.png 1653w, https:\/\/www.winddriver.net\/wp-content\/uploads\/2025\/11\/IMG_20251021_0003-1-212x300.png 212w, https:\/\/www.winddriver.net\/wp-content\/uploads\/2025\/11\/IMG_20251021_0003-1-724x1024.png 724w, https:\/\/www.winddriver.net\/wp-content\/uploads\/2025\/11\/IMG_20251021_0003-1-768x1086.png 768w, https:\/\/www.winddriver.net\/wp-content\/uploads\/2025\/11\/IMG_20251021_0003-1-1086x1536.png 1086w, https:\/\/www.winddriver.net\/wp-content\/uploads\/2025\/11\/IMG_20251021_0003-1-1448x2048.png 1448w, https:\/\/www.winddriver.net\/wp-content\/uploads\/2025\/11\/IMG_20251021_0003-1-502x710.png 502w\" sizes=\"(max-width: 1653px) 100vw, 1653px\" \/>\t\t\t\t\t\t\t\t<\/a>\n\t\t\t\t\t\t\t\t\t\t\t\t\t\t\t<\/div>\n\t\t\t\t<div class=\"elementor-element elementor-element-431b0ac elementor-widget elementor-widget-image\" data-id=\"431b0ac\" data-element_type=\"widget\" data-widget_type=\"image.default\">\n\t\t\t\t\t\t\t\t\t\t\t\t\t\t\t\t<a href=\"https:\/\/www.winddriver.net\/wp-content\/uploads\/2025\/11\/IMG_20251021_0004-1.png\" data-elementor-open-lightbox=\"yes\" data-elementor-lightbox-title=\"IMG_20251021_0004-1\" data-e-action-hash=\"#elementor-action%3Aaction%3Dlightbox%26settings%3DeyJpZCI6NTI4NSwidXJsIjoiaHR0cHM6XC9cL3d3dy53aW5kZHJpdmVyLm5ldFwvd3AtY29udGVudFwvdXBsb2Fkc1wvMjAyNVwvMTFcL0lNR18yMDI1MTAyMV8wMDA0LTEucG5nIn0%3D\">\n\t\t\t\t\t\t\t<img loading=\"lazy\" decoding=\"async\" width=\"1653\" height=\"2338\" src=\"https:\/\/www.winddriver.net\/wp-content\/uploads\/2025\/11\/IMG_20251021_0004-1.png\" class=\"attachment-full size-full wp-image-5285\" alt=\"\" srcset=\"https:\/\/www.winddriver.net\/wp-content\/uploads\/2025\/11\/IMG_20251021_0004-1.png 1653w, https:\/\/www.winddriver.net\/wp-content\/uploads\/2025\/11\/IMG_20251021_0004-1-212x300.png 212w, https:\/\/www.winddriver.net\/wp-content\/uploads\/2025\/11\/IMG_20251021_0004-1-724x1024.png 724w, https:\/\/www.winddriver.net\/wp-content\/uploads\/2025\/11\/IMG_20251021_0004-1-768x1086.png 768w, https:\/\/www.winddriver.net\/wp-content\/uploads\/2025\/11\/IMG_20251021_0004-1-1086x1536.png 1086w, https:\/\/www.winddriver.net\/wp-content\/uploads\/2025\/11\/IMG_20251021_0004-1-1448x2048.png 1448w, https:\/\/www.winddriver.net\/wp-content\/uploads\/2025\/11\/IMG_20251021_0004-1-502x710.png 502w\" sizes=\"(max-width: 1653px) 100vw, 1653px\" \/>\t\t\t\t\t\t\t\t<\/a>\n\t\t\t\t\t\t\t\t\t\t\t\t\t\t\t<\/div>\n\t\t\t\t<div class=\"elementor-element elementor-element-6da8b2b elementor-widget elementor-widget-image\" data-id=\"6da8b2b\" data-element_type=\"widget\" data-widget_type=\"image.default\">\n\t\t\t\t\t\t\t\t\t\t\t\t\t\t\t\t<a href=\"https:\/\/www.winddriver.net\/wp-content\/uploads\/2025\/11\/IMG_20251021_0005-1-1.png\" data-elementor-open-lightbox=\"yes\" data-elementor-lightbox-title=\"IMG_20251021_0005-1\" data-e-action-hash=\"#elementor-action%3Aaction%3Dlightbox%26settings%3DeyJpZCI6NTI4NywidXJsIjoiaHR0cHM6XC9cL3d3dy53aW5kZHJpdmVyLm5ldFwvd3AtY29udGVudFwvdXBsb2Fkc1wvMjAyNVwvMTFcL0lNR18yMDI1MTAyMV8wMDA1LTEtMS5wbmcifQ%3D%3D\">\n\t\t\t\t\t\t\t<img loading=\"lazy\" decoding=\"async\" width=\"1653\" height=\"2338\" src=\"https:\/\/www.winddriver.net\/wp-content\/uploads\/2025\/11\/IMG_20251021_0005-1-1.png\" class=\"attachment-full size-full wp-image-5287\" alt=\"\" srcset=\"https:\/\/www.winddriver.net\/wp-content\/uploads\/2025\/11\/IMG_20251021_0005-1-1.png 1653w, https:\/\/www.winddriver.net\/wp-content\/uploads\/2025\/11\/IMG_20251021_0005-1-1-212x300.png 212w, https:\/\/www.winddriver.net\/wp-content\/uploads\/2025\/11\/IMG_20251021_0005-1-1-724x1024.png 724w, https:\/\/www.winddriver.net\/wp-content\/uploads\/2025\/11\/IMG_20251021_0005-1-1-768x1086.png 768w, https:\/\/www.winddriver.net\/wp-content\/uploads\/2025\/11\/IMG_20251021_0005-1-1-1086x1536.png 1086w, https:\/\/www.winddriver.net\/wp-content\/uploads\/2025\/11\/IMG_20251021_0005-1-1-1448x2048.png 1448w, https:\/\/www.winddriver.net\/wp-content\/uploads\/2025\/11\/IMG_20251021_0005-1-1-502x710.png 502w\" sizes=\"(max-width: 1653px) 100vw, 1653px\" \/>\t\t\t\t\t\t\t\t<\/a>\n\t\t\t\t\t\t\t\t\t\t\t\t\t\t\t<\/div>\n\t\t\t\t<\/div>\r\n\t\t\t\t\t<\/div>\r\n\t\t\t\t<\/div>\r\n\t\t\t\t<\/div>","protected":false},"excerpt":{"rendered":"<p>HAKKIMIZDA R\u00fczgar Enerjisinde Yeni Bir \u00c7a\u011f: Yerli ve Yenilik\u00e7i M\u00fchendislik \u00d6zbilgin Enerji Dan\u0131\u015fmanl\u0131k ve M\u00fchendislik olarak, T\u00fcrkiye&#8217;nin enerji d\u00f6n\u00fc\u015f\u00fcm\u00fcne y\u00f6n veriyoruz. Yerli m\u00fchendislik g\u00fcc\u00fcm\u00fcz ve inovasyon odakl\u0131 yakla\u015f\u0131m\u0131m\u0131zla, r\u00fczgar enerjisi alan\u0131nda verimli, ekonomik ve estetik \u00e7\u00f6z\u00fcmler sunmak i\u00e7in \u00e7al\u0131\u015f\u0131yoruz. Temel amac\u0131m\u0131z, her kesimden kullan\u0131c\u0131n\u0131n kendi enerjisini \u00fcretebilmesi i\u00e7in \u00f6l\u00e7eklenebilir, ak\u0131ll\u0131 ve s\u00fcrd\u00fcr\u00fclebilir sistemleri hayata ge\u00e7irmektir. [&hellip;]<\/p>","protected":false},"author":1,"featured_media":0,"parent":0,"menu_order":0,"comment_status":"closed","ping_status":"closed","template":"","meta":{"footnotes":""},"class_list":["post-1787","page","type-page","status-publish","hentry"],"_links":{"self":[{"href":"https:\/\/www.winddriver.net\/en\/wp-json\/wp\/v2\/pages\/1787","targetHints":{"allow":["GET"]}}],"collection":[{"href":"https:\/\/www.winddriver.net\/en\/wp-json\/wp\/v2\/pages"}],"about":[{"href":"https:\/\/www.winddriver.net\/en\/wp-json\/wp\/v2\/types\/page"}],"author":[{"embeddable":true,"href":"https:\/\/www.winddriver.net\/en\/wp-json\/wp\/v2\/users\/1"}],"replies":[{"embeddable":true,"href":"https:\/\/www.winddriver.net\/en\/wp-json\/wp\/v2\/comments?post=1787"}],"version-history":[{"count":19,"href":"https:\/\/www.winddriver.net\/en\/wp-json\/wp\/v2\/pages\/1787\/revisions"}],"predecessor-version":[{"id":5299,"href":"https:\/\/www.winddriver.net\/en\/wp-json\/wp\/v2\/pages\/1787\/revisions\/5299"}],"wp:attachment":[{"href":"https:\/\/www.winddriver.net\/en\/wp-json\/wp\/v2\/media?parent=1787"}],"curies":[{"name":"wp","href":"https:\/\/api.w.org\/{rel}","templated":true}]}}