{"id":21,"date":"2023-01-10T15:25:54","date_gmt":"2023-01-10T15:25:54","guid":{"rendered":"https:\/\/demo.bravisthemes.com\/soluris\/?page_id=21"},"modified":"2025-11-13T08:23:37","modified_gmt":"2025-11-13T08:23:37","slug":"iletisim","status":"publish","type":"page","link":"https:\/\/www.winddriver.net\/en\/iletisim\/","title":{"rendered":"Communication"},"content":{"rendered":"<div data-elementor-type=\"wp-page\" data-elementor-id=\"21\" class=\"elementor elementor-21\">\n\t\t\t\t        <section class=\"elementor-section elementor-top-section elementor-element elementor-element-d82c75a elementor-section-boxed elementor-section-height-default elementor-section-height-default pxl-type-header-none pxl-bg-color-none pxl-row-scroll-none\" data-id=\"d82c75a\" data-element_type=\"section\">\n\n                \n                <div class=\"elementor-container elementor-column-gap-default\">\n                <div class=\"elementor-column elementor-col-33 elementor-top-column elementor-element elementor-element-ec19fde pxl_section_offset-none pxl-container-width-container-1200 pxl-col-none pxl-column-none\" data-id=\"ec19fde\" data-element_type=\"column\">\r\n        <div class=\"elementor-widget-wrap elementor-element-populated\">\r\n                     \r\n        \t\t<div class=\"elementor-element elementor-element-e45f40c elementor-widget elementor-widget-pxl_icon_box\" data-id=\"e45f40c\" data-element_type=\"widget\" data-widget_type=\"pxl_icon_box.default\">\n\t\t\t\t<div class=\"elementor-widget-container\">\n\t\t\t\t\t<div class=\"pxl-icon-box pxl-icon-box2\" data-wow-delay=\"ms\">\r\n    <div class=\"pxl-item--inner\">\r\n                    <div class=\"pxl-item--icon\">\r\n                <i aria-hidden=\"true\" class=\"flaticon flaticon-customer-service\"><\/i>            <\/div>\r\n                        <div class=\"pxl-item--holder\">\r\n                        <h3 class=\"pxl-item--title el-empty\"><a >\r\n                Who We Are            <\/a> <\/h3>\r\n             <div class=\"pxl-item-link\">\r\n                 <a class=\"pxl-item-link-1\" href=\"https:\/\/www.ozbilgin.org\/\">\r\n                     \u00d6zbilgin Energy. Leave your energy management to us, Win!                 <\/a>\r\n                 <a class=\"pxl-item-link-2\" href=\"\">\r\n                                      <\/a>\r\n             <\/div>\r\n        <\/div>\r\n    <\/div>\r\n<\/div>\t\t\t\t<\/div>\n\t\t\t\t<\/div>\n\t\t            <\/div>\r\n        <\/div>\r\n                <div class=\"elementor-column elementor-col-33 elementor-top-column elementor-element elementor-element-7c5e2cf pxl_section_offset-none pxl-container-width-container-1200 pxl-col-none pxl-column-none\" data-id=\"7c5e2cf\" data-element_type=\"column\">\r\n        <div class=\"elementor-widget-wrap elementor-element-populated\">\r\n                     \r\n        \t\t<div class=\"elementor-element elementor-element-076c520 elementor-widget elementor-widget-pxl_icon_box\" data-id=\"076c520\" data-element_type=\"widget\" data-widget_type=\"pxl_icon_box.default\">\n\t\t\t\t<div class=\"elementor-widget-container\">\n\t\t\t\t\t<div class=\"pxl-icon-box pxl-icon-box2\" data-wow-delay=\"ms\">\r\n    <div class=\"pxl-item--inner\">\r\n                    <div class=\"pxl-item--icon\">\r\n                <i aria-hidden=\"true\" class=\"caseicon caseicon-location\"><\/i>            <\/div>\r\n                        <div class=\"pxl-item--holder\">\r\n                        <h3 class=\"pxl-item--title el-empty\"><a >\r\n                Our address            <\/a> <\/h3>\r\n             <div class=\"pxl-item-link\">\r\n                 <a class=\"pxl-item-link-1\" href=\"\">\r\n                     Yenikent District Do\u011fan Arasl\u0131 Boulevard No: 218 \u00d6zyurtlar N Merkez Outlet AVM Floor 1 No: 27 ESENYURT \/ ISTANBUL                 <\/a>\r\n                 <a class=\"pxl-item-link-2\" href=\"\">\r\n                                      <\/a>\r\n             <\/div>\r\n        <\/div>\r\n    <\/div>\r\n<\/div>\t\t\t\t<\/div>\n\t\t\t\t<\/div>\n\t\t            <\/div>\r\n        <\/div>\r\n                <div class=\"elementor-column elementor-col-33 elementor-top-column elementor-element elementor-element-b9b9dc9 pxl_section_offset-none pxl-container-width-container-1200 pxl-col-none pxl-column-none\" data-id=\"b9b9dc9\" data-element_type=\"column\">\r\n        <div class=\"elementor-widget-wrap elementor-element-populated\">\r\n                     \r\n        \t\t<div class=\"elementor-element elementor-element-a29afc9 elementor-widget elementor-widget-pxl_icon_box\" data-id=\"a29afc9\" data-element_type=\"widget\" data-widget_type=\"pxl_icon_box.default\">\n\t\t\t\t<div class=\"elementor-widget-container\">\n\t\t\t\t\t<div class=\"pxl-icon-box pxl-icon-box2\" data-wow-delay=\"ms\">\r\n    <div class=\"pxl-item--inner\">\r\n                    <div class=\"pxl-item--icon\">\r\n                <i aria-hidden=\"true\" class=\"flaticon flaticon-phone-ringing\"><\/i>            <\/div>\r\n                        <div class=\"pxl-item--holder\">\r\n                        <h3 class=\"pxl-item--title el-empty\"><a >\r\n                Communication            <\/a> <\/h3>\r\n             <div class=\"pxl-item-link\">\r\n                 <a class=\"pxl-item-link-1\" href=\"mailto: info@ozbilgin.org\">\r\n                      info@ozbilgin.org                 <\/a>\r\n                 <a class=\"pxl-item-link-2\" href=\"tel:05323362055\">\r\n                     0532 336 2055                 <\/a>\r\n             <\/div>\r\n        <\/div>\r\n    <\/div>\r\n<\/div>\t\t\t\t<\/div>\n\t\t\t\t<\/div>\n\t\t            <\/div>\r\n        <\/div>\r\n        \t\t\t<\/div>\n\t\t<\/section>\n\t\t        <section class=\"elementor-section elementor-top-section elementor-element elementor-element-82be5d2 elementor-section-boxed elementor-section-height-default elementor-section-height-default pxl-type-header-none pxl-bg-color-none pxl-row-scroll-none\" data-id=\"82be5d2\" data-element_type=\"section\">\n\n                \n                <div class=\"elementor-container elementor-column-gap-default\">\n                <div class=\"elementor-column elementor-col-100 elementor-top-column elementor-element elementor-element-4717e21 pxl_section_offset-none pxl-container-width-container-1200 pxl-col-none pxl-column-none\" data-id=\"4717e21\" data-element_type=\"column\">\r\n        <div class=\"elementor-widget-wrap elementor-element-populated\">\r\n                     \r\n        \t\t<div class=\"elementor-element elementor-element-ffaf069 elementor-widget elementor-widget-pxl_heading\" data-id=\"ffaf069\" data-element_type=\"widget\" data-widget_type=\"pxl_heading.default\">\n\t\t\t\t<div class=\"elementor-widget-container\">\n\t\t\t\t\t<div class=\"pxl-heading inherit\">\n\t<div class=\"pxl-heading--inner\">\n\t\t\t\t<h3 class=\"pxl-item--title  highlight-default\" data-wow-delay=\"ms\" >\n\t\tContact Form\n\n\n\t\t\t\t\n\t\t<\/h3>\n\t<\/div>\n<\/div>\n\n\t\t\t\t<\/div>\n\t\t\t\t<\/div>\n\t\t\t\t<div class=\"elementor-element elementor-element-f790046 elementor-widget__width-initial elementor-widget elementor-widget-pxl_contact_form\" data-id=\"f790046\" data-element_type=\"widget\" data-widget_type=\"pxl_contact_form.default\">\n\t\t\t\t<div class=\"elementor-widget-container\">\n\t\t\t\t\t    <div class=\"pxl-contact-form pxl-contact-form1 button-style1 btn-w-auto\" data-wow-delay=\"ms\">\r\n        \n<div class=\"wpcf7 no-js\" id=\"wpcf7-f1336-o1\" lang=\"en-US\" dir=\"ltr\" data-wpcf7-id=\"1336\">\n<div class=\"screen-reader-response\"><p role=\"status\" aria-live=\"polite\" aria-atomic=\"true\"><\/p> <ul><\/ul><\/div>\n<form action=\"\/en\/wp-json\/wp\/v2\/pages\/21#wpcf7-f1336-o1\" method=\"post\" class=\"wpcf7-form init\" aria-label=\"Contact form\" novalidate=\"novalidate\" data-status=\"init\" data-trp-original-action=\"\/en\/wp-json\/wp\/v2\/pages\/21#wpcf7-f1336-o1\">\n<fieldset class=\"hidden-fields-container\"><input type=\"hidden\" name=\"_wpcf7\" value=\"1336\" \/><input type=\"hidden\" name=\"_wpcf7_version\" value=\"6.1.3\" \/><input type=\"hidden\" name=\"_wpcf7_locale\" value=\"en_US\" \/><input type=\"hidden\" name=\"_wpcf7_unit_tag\" value=\"wpcf7-f1336-o1\" \/><input type=\"hidden\" name=\"_wpcf7_container_post\" value=\"0\" \/><input type=\"hidden\" name=\"_wpcf7_posted_data_hash\" value=\"\" \/>\n<\/fieldset>\n<div class=\"uacf7-form-wrapper-container uacf7-form-1336\"><div class=\"wp-row-ctf7 contact-form-contact\">\n    <div class=\"row input-contact\">\n        <div class=\"col-xl-6 col-lg-6 col-md-12 col-sm-12 input-name\">\n            <div class=\"input-filled\"><span class=\"wpcf7-form-control-wrap\" data-name=\"your-name\"><input size=\"40\" maxlength=\"400\" class=\"wpcf7-form-control wpcf7-text wpcf7-validates-as-required\" aria-required=\"true\" aria-invalid=\"false\" placeholder=\"Your name\" value=\"\" type=\"text\" name=\"your-name\" \/><\/span><\/div>\n        <\/div>\n        <div class=\"col-xl-6 col-lg-6 col-md-12 col-sm-12 input-email\">\n            <div class=\"input-filled\"><span class=\"wpcf7-form-control-wrap\" data-name=\"your-email\"><input size=\"40\" maxlength=\"400\" class=\"wpcf7-form-control wpcf7-email wpcf7-validates-as-required wpcf7-text wpcf7-validates-as-email\" aria-required=\"true\" aria-invalid=\"false\" placeholder=\"Your Email Address\" value=\"\" type=\"email\" name=\"your-email\" \/><\/span><\/div>\n        <\/div>\n\n        <div class=\"col-xl-12 col-lg-12 col-md-12 col-sm-12 input-text-area\">\n            <div class=\"input-filled\"><span class=\"wpcf7-form-control-wrap\" data-name=\"your-phone\"><textarea cols=\"40\" rows=\"10\" maxlength=\"2000\" class=\"wpcf7-form-control wpcf7-textarea wpcf7-validates-as-required\" aria-required=\"true\" aria-invalid=\"false\" placeholder=\"Your message\" name=\"your-phone\"><\/textarea><\/span><\/div>\n        <\/div>\n        <div class=\"col-xl-12 col-lg-12 col-md-12 col-sm-12 submit-form btn-input\">\n            <button type=\"submit\" class=\"btn btn-orange2 pxl-wobble\" data-animation=\"pxl-xspin\">Send<\/button>\n        <\/div>\n    <\/div>\n<\/div><\/div><div class=\"wpcf7-response-output\" aria-hidden=\"true\"><\/div>\n<input type=\"hidden\" name=\"trp-form-language\" value=\"en\"\/><\/form>\n<\/div>\n    <\/div>\r\n\t\t\t\t<\/div>\n\t\t\t\t<\/div>\n\t\t            <\/div>\r\n        <\/div>\r\n        \t\t\t<\/div>\n\t\t<\/section>\n\t\t        <section class=\"elementor-section elementor-top-section elementor-element elementor-element-914a76a elementor-section-full_width elementor-section-stretched elementor-section-height-default elementor-section-height-default pxl-type-header-none pxl_section_offset-none pxl-bg-color-none pxl-full-content-with-space-none pxl-row-scroll-none\" data-id=\"914a76a\" data-element_type=\"section\" data-settings=\"{&quot;stretch_section&quot;:&quot;section-stretched&quot;}\">\n\n                \n                <div class=\"elementor-container elementor-column-gap-extended\">\n                <div class=\"elementor-column elementor-col-100 elementor-top-column elementor-element elementor-element-19de127 pxl_section_offset-none pxl-container-width-container-1200 pxl-col-none pxl-column-none\" data-id=\"19de127\" data-element_type=\"column\">\r\n        <div class=\"elementor-widget-wrap elementor-element-populated\">\r\n                     \r\n        \t\t<div class=\"elementor-element elementor-element-0399cba elementor-widget elementor-widget-google_maps\" data-id=\"0399cba\" data-element_type=\"widget\" data-widget_type=\"google_maps.default\">\n\t\t\t\t\t\t\t<div class=\"elementor-custom-embed\">\n\t\t\t<iframe loading=\"lazy\"\n\t\t\t\t\tsrc=\"https:\/\/maps.google.com\/maps?q=Yenikent%20Mahallesi%20Do%C4%9Fan%20Arasl%C4%B1%20Bulvar%C4%B1%20No%3A218%20%C3%96zyurtlar%20N%20Merkez%20Outlet%20AVM%20Kat%201%20No%3A27%20ESENYURT%20%2F%20%C4%B0STANBUL&#038;t=m&#038;z=14&#038;output=embed&#038;iwloc=near\"\n\t\t\t\t\ttitle=\"Yenikent District Do\u011fan Arasl\u0131 Boulevard No: 218 \u00d6zyurtlar N Merkez Outlet AVM Floor 1 No: 27 ESENYURT \/ ISTANBUL\"\n\t\t\t\t\taria-label=\"Yenikent District Do\u011fan Arasl\u0131 Boulevard No: 218 \u00d6zyurtlar N Merkez Outlet AVM Floor 1 No: 27 ESENYURT \/ ISTANBUL\"\n\t\t\t><\/iframe>\n\t\t<\/div>\n\t\t\t\t\t\t<\/div>\n\t\t            <\/div>\r\n        <\/div>\r\n        \t\t\t<\/div>\n\t\t<\/section>\n\t\t\t\t<\/div>","protected":false},"excerpt":{"rendered":"<p>Biz Kimiz \u00d6zbilgin Enerji. Enerji y\u00f6netiminizi bize b\u0131rak\u0131n, Kazan\u0131n! Adresimiz Yenikent Mahallesi Do\u011fan Arasl\u0131 Bulvar\u0131 No:218 \u00d6zyurtlar N Merkez Outlet AVM Kat 1 No:27 ESENYURT \/ \u0130STANBUL \u0130leti\u015fim info@ozbilgin.org 0532 336 2055 \u0130leti\u015fim Formu G\u00f6nder<\/p>","protected":false},"author":1,"featured_media":0,"parent":0,"menu_order":0,"comment_status":"closed","ping_status":"closed","template":"","meta":{"footnotes":""},"class_list":["post-21","page","type-page","status-publish","hentry"],"_links":{"self":[{"href":"https:\/\/www.winddriver.net\/en\/wp-json\/wp\/v2\/pages\/21","targetHints":{"allow":["GET"]}}],"collection":[{"href":"https:\/\/www.winddriver.net\/en\/wp-json\/wp\/v2\/pages"}],"about":[{"href":"https:\/\/www.winddriver.net\/en\/wp-json\/wp\/v2\/types\/page"}],"author":[{"embeddable":true,"href":"https:\/\/www.winddriver.net\/en\/wp-json\/wp\/v2\/users\/1"}],"replies":[{"embeddable":true,"href":"https:\/\/www.winddriver.net\/en\/wp-json\/wp\/v2\/comments?post=21"}],"version-history":[{"count":7,"href":"https:\/\/www.winddriver.net\/en\/wp-json\/wp\/v2\/pages\/21\/revisions"}],"predecessor-version":[{"id":5258,"href":"https:\/\/www.winddriver.net\/en\/wp-json\/wp\/v2\/pages\/21\/revisions\/5258"}],"wp:attachment":[{"href":"https:\/\/www.winddriver.net\/en\/wp-json\/wp\/v2\/media?parent=21"}],"curies":[{"name":"wp","href":"https:\/\/api.w.org\/{rel}","templated":true}]}}