{"id":5104,"date":"2025-11-07T11:14:41","date_gmt":"2025-11-07T11:14:41","guid":{"rendered":"http:\/\/www.winddriver.net\/?page_id=5104"},"modified":"2025-11-07T11:15:30","modified_gmt":"2025-11-07T11:15:30","slug":"kvkk-aydinlatma-metni","status":"publish","type":"page","link":"https:\/\/www.winddriver.net\/en\/kvkk-aydinlatma-metni\/","title":{"rendered":"KVKK Information Text"},"content":{"rendered":"<p><strong>\u00d6ZB\u0130LG\u0130N ENERGY CONSULTING AND ENGINEERING INDUSTRY AND TRADE LTD.<\/strong><\/p>\n\n\n\n<p><strong>Data Controller<\/strong>\u00d6zbilgin Energy Consulting and Engineering Industry and Trade Ltd. Co.<\/p>\n\n\n\n<p>This privacy notice has been prepared in accordance with the Law No. 6698 on the Protection of Personal Data (&quot;KVKK&quot;) to inform you about the processing of your personal data.<\/p>\n\n\n\n<p><strong>1. Method and Legal Basis for the Collection of Personal Data<\/strong><br>Your personal data is collected through automated or non-automated means, verbally, in writing, or electronically, when you contact our company, fill out the contact form on our website, subscribe to our e-newsletter, or during sales\/supply processes. Your data is processed based on the legal grounds specified in Article 5 of the KVKK (Personal Data Protection Law), namely &quot;being necessary for the establishment or performance of a contract,&quot; &quot;being provided for by law,&quot; &quot;having your explicit consent,&quot; and &quot;our company&#039;s legitimate interest.&quot;.<\/p>\n\n\n\n<p><strong>2. Purposes of Processing Personal Data<\/strong><br>Your personal data collected;<\/p>\n\n\n\n<ul class=\"wp-block-list\">\n<li>To provide information and quotes about Wind Driver products.,<\/li>\n\n\n\n<li>Managing contract processes,<\/li>\n\n\n\n<li>To provide after-sales support services,<\/li>\n\n\n\n<li>To fulfill our legal obligations,<\/li>\n\n\n\n<li>To conduct marketing and informational activities via email (with your explicit consent),<\/li>\n\n\n\n<li>Your data will be processed for the purpose of improving our website.<\/li>\n<\/ul>\n\n\n\n<p><strong>3. Transfer of Personal Data<\/strong><br>Your personal data may be transferred to official authorities, financial institutions, our contracted logistics and IT service providers, and business partners for the purposes stated above, as required by law, but only in accordance with the conditions stipulated in Articles 8 and 9 of the KVKK (Law on Protection of Personal Data).<\/p>\n\n\n\n<p><strong>4. Your Rights<\/strong><br>In accordance with Article 11 of the Personal Data Protection Law (KVKK);<\/p>\n\n\n\n<ul class=\"wp-block-list\">\n<li>To learn whether your personal data is being processed,<\/li>\n\n\n\n<li>Requesting information about it if it has been processed,<\/li>\n\n\n\n<li>To learn the purpose of the processing and whether it is being used for that purpose.,<\/li>\n\n\n\n<li>Knowing the third parties to whom it is transferred, domestically or internationally.,<\/li>\n\n\n\n<li>Requesting correction if it is incomplete\/incorrect.,<\/li>\n\n\n\n<li>Requesting its deletion\/destruction within the framework of the conditions stipulated in Article 7 of the law.,<\/li>\n\n\n\n<li>Requesting that the third parties to whom the transfer is made be notified of the transactions carried out in accordance with the above paragraphs,<\/li>\n\n\n\n<li>You have the right to object to a result that is unfavorable to you, which is based solely on analysis by automated systems.,<\/li>\n\n\n\n<li>If you suffer damages as a result of the breach, you have the right to claim compensation for those damages.<\/li>\n<\/ul>\n\n\n\n<p><strong>5. Communication<\/strong><br>To exercise your rights or for any questions;&nbsp;<strong>Firuzk\u00f6y Neighborhood, Hasan \u00d6nal Street, Kubilay Street No:7\/1, Avc\u0131lar \/ Istanbul<\/strong>&nbsp;You can submit a written application to this address.,&nbsp;<strong>info@ozbilgin.org<\/strong>&nbsp;You can send an email to the email address provided or use the contact form on our website.<\/p>","protected":false},"excerpt":{"rendered":"<p>\u00d6ZB\u0130LG\u0130N ENERJ\u0130 DANI\u015eMANLIK VE M\u00dcHEND\u0130SL\u0130K SAN. T\u0130C. LTD.\u015eT\u0130. Data Controller: \u00d6zbilgin Enerji Dan\u0131\u015fmanl\u0131k ve M\u00fchendislik San. Tic. Ltd. \u015eti. Bu ayd\u0131nlatma metni, 6698 say\u0131l\u0131 Ki\u015fisel Verilerin Korunmas\u0131 Kanunu (&#8220;KVKK&#8221;) uyar\u0131nca, ki\u015fisel verilerinizin i\u015flenmesine ili\u015fkin sizleri bilgilendirmek amac\u0131yla haz\u0131rlanm\u0131\u015ft\u0131r. 1. Ki\u015fisel Verilerin Toplanma Y\u00f6ntemi ve Hukuki SebebiKi\u015fisel verileriniz, \u015firketimizle ileti\u015fime ge\u00e7ti\u011finizde, web sitemizde yer alan ileti\u015fim [&hellip;]<\/p>","protected":false},"author":1,"featured_media":0,"parent":0,"menu_order":0,"comment_status":"closed","ping_status":"closed","template":"","meta":{"footnotes":""},"class_list":["post-5104","page","type-page","status-publish","hentry"],"_links":{"self":[{"href":"https:\/\/www.winddriver.net\/en\/wp-json\/wp\/v2\/pages\/5104","targetHints":{"allow":["GET"]}}],"collection":[{"href":"https:\/\/www.winddriver.net\/en\/wp-json\/wp\/v2\/pages"}],"about":[{"href":"https:\/\/www.winddriver.net\/en\/wp-json\/wp\/v2\/types\/page"}],"author":[{"embeddable":true,"href":"https:\/\/www.winddriver.net\/en\/wp-json\/wp\/v2\/users\/1"}],"replies":[{"embeddable":true,"href":"https:\/\/www.winddriver.net\/en\/wp-json\/wp\/v2\/comments?post=5104"}],"version-history":[{"count":1,"href":"https:\/\/www.winddriver.net\/en\/wp-json\/wp\/v2\/pages\/5104\/revisions"}],"predecessor-version":[{"id":5105,"href":"https:\/\/www.winddriver.net\/en\/wp-json\/wp\/v2\/pages\/5104\/revisions\/5105"}],"wp:attachment":[{"href":"https:\/\/www.winddriver.net\/en\/wp-json\/wp\/v2\/media?parent=5104"}],"curies":[{"name":"wp","href":"https:\/\/api.w.org\/{rel}","templated":true}]}}