{"id":5106,"date":"2025-11-07T11:16:29","date_gmt":"2025-11-07T11:16:29","guid":{"rendered":"http:\/\/www.winddriver.net\/?page_id=5106"},"modified":"2025-11-07T11:16:29","modified_gmt":"2025-11-07T11:16:29","slug":"cerezler-politikasi","status":"publish","type":"page","link":"https:\/\/www.winddriver.net\/en\/cerezler-politikasi\/","title":{"rendered":"Cookies Policy"},"content":{"rendered":"<p><strong>What is a Cookie?<\/strong><br>Cookies are small text files that are saved on your device (computer, tablet, phone) via your browser when you visit our website.<\/p>\n\n\n\n<p><strong>What Cookies Do We Use and Why?<\/strong><\/p>\n\n\n\n<ul class=\"wp-block-list\">\n<li><strong>Mandatory Cookies<\/strong>Cookies are essential for the basic functionality of our website. Our site won&#039;t work properly without these cookies.<\/li>\n\n\n\n<li><strong>Performance and Analysis Cookies<\/strong>: Allows us to anonymously analyze how visitors use our site (e.g., which pages they visit, how long they stay). This data helps us improve the usability and performance of our website.<\/li>\n\n\n\n<li><strong>Functionality Cookies<\/strong>: Allows us to offer you a more personalised experience by remembering your preferences (such as language, region selection).<\/li>\n\n\n\n<li><strong>Targeting and Advertising Cookies<\/strong>: Used to show you content and advertisements that may be of interest to you, such as Wind Driver products. These cookies are usually placed by third-party service providers (Google Analytics, Meta Pixel, etc.).<\/li>\n<\/ul>\n\n\n\n<p><strong>How Can You Control Cookies?<\/strong><br>You can block cookies or receive notifications by changing your browser settings. However, disabling essential cookies may cause some of our website functionality to malfunction. You can learn how to change your cookie settings in the &quot;Help&quot; section of your browser.<\/p>","protected":false},"excerpt":{"rendered":"<p>\u00c7erez Nedir?\u00c7erezler, web sitemizi ziyaret etti\u011finizde taray\u0131c\u0131n\u0131z arac\u0131l\u0131\u011f\u0131yla cihaz\u0131n\u0131za (bilgisayar, tablet, telefon) kaydedilen k\u00fc\u00e7\u00fck metin dosyalar\u0131d\u0131r. Hangi \u00c7erezleri Kullan\u0131yoruz ve Neden? \u00c7erezleri Nas\u0131l Kontrol Edebilirsiniz?Taray\u0131c\u0131n\u0131z\u0131n ayarlar\u0131n\u0131 de\u011fi\u015ftirerek \u00e7erezleri engelleyebilir veya size bildirim g\u00f6nderilmesini sa\u011flayabilirsiniz. Ancak, zorunlu \u00e7erezlerin devre d\u0131\u015f\u0131 b\u0131rak\u0131lmas\u0131 web sitemizin baz\u0131 i\u015flevlerinin \u00e7al\u0131\u015fmamas\u0131na neden olabilir. \u00c7erez ayarlar\u0131n\u0131z\u0131 taray\u0131c\u0131n\u0131z\u0131n &#8220;Yard\u0131m&#8221; b\u00f6l\u00fcm\u00fcnden nas\u0131l de\u011fi\u015ftirece\u011finizi \u00f6\u011frenebilirsiniz.<\/p>","protected":false},"author":1,"featured_media":0,"parent":0,"menu_order":0,"comment_status":"closed","ping_status":"closed","template":"","meta":{"footnotes":""},"class_list":["post-5106","page","type-page","status-publish","hentry"],"_links":{"self":[{"href":"https:\/\/www.winddriver.net\/en\/wp-json\/wp\/v2\/pages\/5106","targetHints":{"allow":["GET"]}}],"collection":[{"href":"https:\/\/www.winddriver.net\/en\/wp-json\/wp\/v2\/pages"}],"about":[{"href":"https:\/\/www.winddriver.net\/en\/wp-json\/wp\/v2\/types\/page"}],"author":[{"embeddable":true,"href":"https:\/\/www.winddriver.net\/en\/wp-json\/wp\/v2\/users\/1"}],"replies":[{"embeddable":true,"href":"https:\/\/www.winddriver.net\/en\/wp-json\/wp\/v2\/comments?post=5106"}],"version-history":[{"count":1,"href":"https:\/\/www.winddriver.net\/en\/wp-json\/wp\/v2\/pages\/5106\/revisions"}],"predecessor-version":[{"id":5107,"href":"https:\/\/www.winddriver.net\/en\/wp-json\/wp\/v2\/pages\/5106\/revisions\/5107"}],"wp:attachment":[{"href":"https:\/\/www.winddriver.net\/en\/wp-json\/wp\/v2\/media?parent=5106"}],"curies":[{"name":"wp","href":"https:\/\/api.w.org\/{rel}","templated":true}]}}